{"id":7802,"date":"2017-03-23T15:15:01","date_gmt":"2017-03-23T14:15:01","guid":{"rendered":"http:\/\/icm-automation.com\/documentation\/"},"modified":"2020-09-21T13:15:50","modified_gmt":"2020-09-21T11:15:50","slug":"downloads","status":"publish","type":"page","link":"https:\/\/www.icm-automation.com\/de\/downloads\/","title":{"rendered":"Firmenbrosch\u00fcre"},"content":{"rendered":"<section class=\"l-section wpb_row height_small color_primary with_img\"><div class=\"l-section-img\" style=\"background-image: url(https:\/\/www.icm-automation.com\/wp-content\/uploads\/2017\/03\/contact-icm-1.jpg);background-repeat: no-repeat;\" data-img-width=\"3000\" data-img-height=\"1000\"><\/div><div class=\"l-section-h i-cf\"><div class=\"g-cols vc_row type_default valign_bottom\"><div class=\"vc_col-sm-12 wpb_column vc_column_container\"><div class=\"vc_column-inner\"><div class=\"wpb_wrapper\"><div class=\"w-separator size_custom\" style=\"height:200px\"><\/div><\/div><\/div><\/div><\/div><\/div><\/section><section class=\"l-section wpb_row us_custom_9b37cde1 height_auto\"><div class=\"l-section-h i-cf\"><div class=\"g-cols vc_row type_default valign_top\"><div class=\"vc_col-sm-12 wpb_column vc_column_container\"><div class=\"vc_column-inner us_custom_aedc745d\"><div class=\"wpb_wrapper\"><div class=\"g-cols wpb_row  us_custom_b03640aa type_default valign_top vc_inner\"><div class=\"vc_col-sm-12 wpb_column vc_column_container\"><div class=\"vc_column-inner\"><div class=\"wpb_wrapper\"><div class=\"wpb_text_column\" ><div class=\"wpb_wrapper\"><h1 class=\"ima-h2\" style=\"font-size: 24px;\">Willkommen in unserem Download-Bereich<\/h1>\n<p>Sie k\u00f6nnen unsere Unternehmenspr\u00e4sentation herunterladen, indem Sie auf den untenstehenden Link klicken.<\/p>\n<p>Unsere Mitarbeiter stehen Ihnen f\u00fcr Fragen gerne zur Verf\u00fcgung.\u00a0<strong>+33 (0)2 35 81 94 58<\/strong>.<\/p>\n<\/div><\/div><\/div><\/div><\/div><\/div><div class=\"g-cols wpb_row  us_custom_4cfb87d6 type_default valign_middle vc_inner\"><div class=\"vc_col-sm-4 wpb_column vc_column_container\"><div class=\"vc_column-inner\"><div class=\"wpb_wrapper\"><div class=\"wpb_text_column\" ><div class=\"wpb_wrapper\"><h2 style=\"text-align: left;\">Firmenbrosch\u00fcre<\/h2>\n<\/div><\/div><\/div><\/div><\/div><div class=\"vc_col-sm-4 wpb_column vc_column_container\"><div class=\"vc_column-inner\"><div class=\"wpb_wrapper\"><\/div><\/div><\/div><div class=\"vc_col-sm-4 wpb_column vc_column_container\"><div class=\"vc_column-inner\"><div class=\"wpb_wrapper\"><\/div><\/div><\/div><\/div><div class=\"g-cols wpb_row  us_custom_3188818e type_default valign_middle vc_inner\"><div class=\"vc_col-sm-3 wpb_column vc_column_container\"><div class=\"vc_column-inner\"><div class=\"wpb_wrapper\"><div class=\"w-image align_none\"><div class=\"w-image-h\"><img loading=\"lazy\" decoding=\"async\" width=\"150\" height=\"150\" src=\"https:\/\/www.icm-automation.com\/wp-content\/uploads\/2018\/11\/documentation-icm-automation-150x150.jpg\" class=\"attachment-thumbnail size-thumbnail\" alt=\"\" srcset=\"https:\/\/www.icm-automation.com\/wp-content\/uploads\/2018\/11\/documentation-icm-automation-150x150.jpg 150w, https:\/\/www.icm-automation.com\/wp-content\/uploads\/2018\/11\/documentation-icm-automation-350x350.jpg 350w\" sizes=\"auto, (max-width: 150px) 100vw, 150px\" \/><\/div><\/div><\/div><\/div><\/div><div class=\"vc_col-sm-3 wpb_column vc_column_container\"><div class=\"vc_column-inner\"><div class=\"wpb_wrapper\"><div class=\"w-btn-wrapper width_auto align_left\"><a class=\"w-btn us-btn-style_1 us_custom_80a192e9\" target=\"_blank\" href=\"http:\/\/icm-automation.com\/wp-content\/uploads\/2017\/06\/fabrication-machines-speciales-pharma-cosmetique-Plaquette-ICM-2.pdf\" rel=\"noopener\"><span class=\"w-btn-label\">Download<\/span><\/a><\/div><\/div><\/div><\/div><div class=\"vc_col-sm-3 wpb_column vc_column_container\"><div class=\"vc_column-inner\"><div class=\"wpb_wrapper\"><\/div><\/div><\/div><div class=\"vc_col-sm-3 wpb_column vc_column_container\"><div class=\"vc_column-inner\"><div class=\"wpb_wrapper\"><\/div><\/div><\/div><\/div><\/div><\/div><\/div><\/div><\/div><\/section><section class=\"l-section wpb_row height_large\"><div class=\"l-section-h i-cf\"><div class=\"g-cols vc_row type_default valign_top\"><div class=\"vc_col-sm-2 wpb_column vc_column_container\"><div class=\"vc_column-inner\"><div class=\"wpb_wrapper\"><div class=\"wpb_text_column\" ><div class=\"wpb_wrapper\"><p><a href=\"https:\/\/www.icm-automation.com\/de\/sondermaschinen\/\"><img loading=\"lazy\" decoding=\"async\" class=\"aligncenter wp-image-7666\" title=\"Sondermaschinen\" src=\"http:\/\/www.icm-automation.com\/wp-content\/uploads\/2013\/06\/systemes-distribution1.png\" alt=\"Sondermaschinen\" width=\"100\" height=\"100\" srcset=\"https:\/\/www.icm-automation.com\/wp-content\/uploads\/2013\/06\/systemes-distribution1.png 712w, https:\/\/www.icm-automation.com\/wp-content\/uploads\/2013\/06\/systemes-distribution1-150x150.png 150w, https:\/\/www.icm-automation.com\/wp-content\/uploads\/2013\/06\/systemes-distribution1-300x300.png 300w, https:\/\/www.icm-automation.com\/wp-content\/uploads\/2013\/06\/systemes-distribution1-600x600.png 600w, https:\/\/www.icm-automation.com\/wp-content\/uploads\/2013\/06\/systemes-distribution1-350x350.png 350w\" sizes=\"auto, (max-width: 100px) 100vw, 100px\" \/><\/a><\/p>\n<\/div><\/div><\/div><\/div><\/div><div class=\"vc_col-sm-2 wpb_column vc_column_container\"><div class=\"vc_column-inner\"><div class=\"wpb_wrapper\"><div class=\"wpb_text_column\" ><div class=\"wpb_wrapper\"><p><a href=\"https:\/\/www.icm-automation.com\/de\/zufuehrtechnik\/\"><img loading=\"lazy\" decoding=\"async\" class=\"aligncenter wp-image-7839\" title=\"Zuf\u00fchrtechnik\" src=\"http:\/\/www.icm-automation.com\/wp-content\/uploads\/2013\/05\/systemes-distribution1.png\" alt=\"Zuf\u00fchrtechnik\" width=\"104\" height=\"100\" srcset=\"https:\/\/www.icm-automation.com\/wp-content\/uploads\/2013\/05\/systemes-distribution1.png 771w, https:\/\/www.icm-automation.com\/wp-content\/uploads\/2013\/05\/systemes-distribution1-300x289.png 300w, https:\/\/www.icm-automation.com\/wp-content\/uploads\/2013\/05\/systemes-distribution1-768x741.png 768w, https:\/\/www.icm-automation.com\/wp-content\/uploads\/2013\/05\/systemes-distribution1-600x579.png 600w\" sizes=\"auto, (max-width: 104px) 100vw, 104px\" \/><\/a><\/p>\n<\/div><\/div><\/div><\/div><\/div><div class=\"vc_col-sm-2 wpb_column vc_column_container\"><div class=\"vc_column-inner\"><div class=\"wpb_wrapper\"><div class=\"wpb_text_column\" ><div class=\"wpb_wrapper\"><p><a href=\"https:\/\/www.icm-automation.com\/de\/industrielle-bildverarbeitung\/\"><img loading=\"lazy\" decoding=\"async\" class=\"aligncenter wp-image-7838\" title=\"Industrielle Bildverarbeitung\" src=\"http:\/\/www.icm-automation.com\/wp-content\/uploads\/2013\/06\/vision-industrielle1.png\" alt=\"Industrielle Bildverarbeitung\" width=\"100\" height=\"100\" srcset=\"https:\/\/www.icm-automation.com\/wp-content\/uploads\/2013\/06\/vision-industrielle1.png 714w, https:\/\/www.icm-automation.com\/wp-content\/uploads\/2013\/06\/vision-industrielle1-150x150.png 150w, https:\/\/www.icm-automation.com\/wp-content\/uploads\/2013\/06\/vision-industrielle1-300x300.png 300w, https:\/\/www.icm-automation.com\/wp-content\/uploads\/2013\/06\/vision-industrielle1-600x600.png 600w, https:\/\/www.icm-automation.com\/wp-content\/uploads\/2013\/06\/vision-industrielle1-350x350.png 350w\" sizes=\"auto, (max-width: 100px) 100vw, 100px\" \/><\/a><\/p>\n<\/div><\/div><\/div><\/div><\/div><div class=\"vc_col-sm-2 wpb_column vc_column_container\"><div class=\"vc_column-inner\"><div class=\"wpb_wrapper\"><div class=\"wpb_text_column\" ><div class=\"wpb_wrapper\"><p><a href=\"https:\/\/www.icm-automation.com\/de\/industrielle-robotik\/\"><img loading=\"lazy\" decoding=\"async\" class=\"aligncenter wp-image-5747\" title=\"Industrielle Robotik\" src=\"https:\/\/www.icm-automation.com\/wp-content\/uploads\/2017\/07\/integration-roboter.png\" alt=\"Industrielle Robotik\" width=\"100\" height=\"100\" \/><\/a><\/p>\n<\/div><\/div><\/div><\/div><\/div><div class=\"vc_col-sm-2 wpb_column vc_column_container\"><div class=\"vc_column-inner\"><div class=\"wpb_wrapper\"><div class=\"wpb_text_column\" ><div class=\"wpb_wrapper\"><p><a href=\"https:\/\/www.icm-automation.com\/de\/industrielle-automatisierung\/\"><img loading=\"lazy\" decoding=\"async\" class=\"aligncenter wp-image-7837\" title=\"Automatisierung\" src=\"http:\/\/www.icm-automation.com\/wp-content\/uploads\/2013\/06\/automatismes1-2.png\" alt=\"Automatisierung\" width=\"100\" height=\"100\" srcset=\"https:\/\/www.icm-automation.com\/wp-content\/uploads\/2013\/06\/automatismes1-2.png 714w, https:\/\/www.icm-automation.com\/wp-content\/uploads\/2013\/06\/automatismes1-2-150x150.png 150w, https:\/\/www.icm-automation.com\/wp-content\/uploads\/2013\/06\/automatismes1-2-300x300.png 300w, https:\/\/www.icm-automation.com\/wp-content\/uploads\/2013\/06\/automatismes1-2-600x600.png 600w, https:\/\/www.icm-automation.com\/wp-content\/uploads\/2013\/06\/automatismes1-2-350x350.png 350w\" sizes=\"auto, (max-width: 100px) 100vw, 100px\" \/><\/a><\/p>\n<\/div><\/div><\/div><\/div><\/div><div class=\"vc_col-sm-2 wpb_column vc_column_container\"><div class=\"vc_column-inner\"><div class=\"wpb_wrapper\"><div class=\"wpb_text_column\" ><div class=\"wpb_wrapper\"><p><a href=\"https:\/\/www.icm-automation.com\/de\/spezifische-arbeitsstationen\/\"><img loading=\"lazy\" decoding=\"async\" class=\"aligncenter wp-image-7836\" title=\"Spezifische Arbeitsstationen\" src=\"http:\/\/www.icm-automation.com\/wp-content\/uploads\/2013\/06\/postes-specifiques1-2.png\" alt=\"Spezifische Arbeitsstationen\" width=\"100\" height=\"100\" srcset=\"https:\/\/www.icm-automation.com\/wp-content\/uploads\/2013\/06\/postes-specifiques1-2.png 713w, https:\/\/www.icm-automation.com\/wp-content\/uploads\/2013\/06\/postes-specifiques1-2-150x150.png 150w, https:\/\/www.icm-automation.com\/wp-content\/uploads\/2013\/06\/postes-specifiques1-2-300x300.png 300w, https:\/\/www.icm-automation.com\/wp-content\/uploads\/2013\/06\/postes-specifiques1-2-600x600.png 600w, https:\/\/www.icm-automation.com\/wp-content\/uploads\/2013\/06\/postes-specifiques1-2-350x350.png 350w\" sizes=\"auto, (max-width: 100px) 100vw, 100px\" \/><\/a><\/p>\n<\/div><\/div><\/div><\/div><\/div><\/div><\/div><\/section>\n","protected":false},"excerpt":{"rendered":"Willkommen in unserem Download-Bereich Sie k\u00f6nnen unsere Unternehmenspr\u00e4sentation herunterladen, indem Sie auf den untenstehenden Link klicken. Unsere Mitarbeiter stehen Ihnen f\u00fcr Fragen gerne zur Verf\u00fcgung.\u00a0+33 (0)2 35 81 94 58. Firmenbrosch\u00fcre Download","protected":false},"author":2,"featured_media":0,"parent":0,"menu_order":0,"comment_status":"closed","ping_status":"closed","template":"","meta":{"_exactmetrics_skip_tracking":false,"_exactmetrics_sitenote_active":false,"_exactmetrics_sitenote_note":"","_exactmetrics_sitenote_category":0,"footnotes":""},"class_list":["post-7802","page","type-page","status-publish","hentry"],"yoast_head":"<!-- This site is optimized with the Yoast SEO plugin v27.4 - https:\/\/yoast.com\/product\/yoast-seo-wordpress\/ -->\n<title>Firmenbrosch\u00fcre | ICM<\/title>\n<meta name=\"description\" content=\"Willkommen in unserem Download-Bereich. Sie k\u00f6nnen unsere Unternehmenspr\u00e4sentation herunterladen, indem Sie auf den untenstehenden Link klicken.\" \/>\n<meta name=\"robots\" content=\"noindex, follow\" \/>\n<meta property=\"og:locale\" content=\"de_DE\" \/>\n<meta property=\"og:type\" content=\"article\" \/>\n<meta property=\"og:title\" content=\"Firmenbrosch\u00fcre | ICM\" \/>\n<meta property=\"og:description\" content=\"Willkommen in unserem Download-Bereich. Sie k\u00f6nnen unsere Unternehmenspr\u00e4sentation herunterladen, indem Sie auf den untenstehenden Link klicken.\" \/>\n<meta property=\"og:url\" content=\"https:\/\/www.icm-automation.com\/documentation\/\" \/>\n<meta property=\"og:site_name\" content=\"ICM\" \/>\n<meta property=\"article:modified_time\" content=\"2020-09-21T11:15:50+00:00\" \/>\n<meta property=\"og:image\" content=\"http:\/\/www.icm-automation.com\/wp-content\/uploads\/2013\/06\/systemes-distribution1.png\" \/>\n<meta name=\"twitter:card\" content=\"summary_large_image\" \/>\n<meta name=\"twitter:label1\" content=\"Gesch\u00e4tzte Lesezeit\" \/>\n\t<meta name=\"twitter:data1\" content=\"2\u00a0Minuten\" \/>\n<script type=\"application\/ld+json\" class=\"yoast-schema-graph\">{\"@context\":\"https:\\\/\\\/schema.org\",\"@graph\":[{\"@type\":\"WebPage\",\"@id\":\"https:\\\/\\\/www.icm-automation.com\\\/documentation\\\/\",\"url\":\"https:\\\/\\\/www.icm-automation.com\\\/documentation\\\/\",\"name\":\"Firmenbrosch\u00fcre | ICM\",\"isPartOf\":{\"@id\":\"https:\\\/\\\/www.icm-automation.com\\\/#website\"},\"primaryImageOfPage\":{\"@id\":\"https:\\\/\\\/www.icm-automation.com\\\/documentation\\\/#primaryimage\"},\"image\":{\"@id\":\"https:\\\/\\\/www.icm-automation.com\\\/documentation\\\/#primaryimage\"},\"thumbnailUrl\":\"http:\\\/\\\/www.icm-automation.com\\\/wp-content\\\/uploads\\\/2013\\\/06\\\/systemes-distribution1.png\",\"datePublished\":\"2017-03-23T14:15:01+00:00\",\"dateModified\":\"2020-09-21T11:15:50+00:00\",\"description\":\"Willkommen in unserem Download-Bereich. Sie k\u00f6nnen unsere Unternehmenspr\u00e4sentation herunterladen, indem Sie auf den untenstehenden Link klicken.\",\"breadcrumb\":{\"@id\":\"https:\\\/\\\/www.icm-automation.com\\\/documentation\\\/#breadcrumb\"},\"inLanguage\":\"de\",\"potentialAction\":[{\"@type\":\"ReadAction\",\"target\":[\"https:\\\/\\\/www.icm-automation.com\\\/documentation\\\/\"]}]},{\"@type\":\"ImageObject\",\"inLanguage\":\"de\",\"@id\":\"https:\\\/\\\/www.icm-automation.com\\\/documentation\\\/#primaryimage\",\"url\":\"http:\\\/\\\/www.icm-automation.com\\\/wp-content\\\/uploads\\\/2013\\\/06\\\/systemes-distribution1.png\",\"contentUrl\":\"http:\\\/\\\/www.icm-automation.com\\\/wp-content\\\/uploads\\\/2013\\\/06\\\/systemes-distribution1.png\"},{\"@type\":\"BreadcrumbList\",\"@id\":\"https:\\\/\\\/www.icm-automation.com\\\/documentation\\\/#breadcrumb\",\"itemListElement\":[{\"@type\":\"ListItem\",\"position\":1,\"name\":\"AccueilHomeHome\",\"item\":\"https:\\\/\\\/www.icm-automation.com\\\/de\\\/\"},{\"@type\":\"ListItem\",\"position\":2,\"name\":\"Firmenbrosch\u00fcre\"}]},{\"@type\":\"WebSite\",\"@id\":\"https:\\\/\\\/www.icm-automation.com\\\/#website\",\"url\":\"https:\\\/\\\/www.icm-automation.com\\\/\",\"name\":\"ICM\",\"description\":\"\",\"potentialAction\":[{\"@type\":\"SearchAction\",\"target\":{\"@type\":\"EntryPoint\",\"urlTemplate\":\"https:\\\/\\\/www.icm-automation.com\\\/?s={search_term_string}\"},\"query-input\":{\"@type\":\"PropertyValueSpecification\",\"valueRequired\":true,\"valueName\":\"search_term_string\"}}],\"inLanguage\":\"de\"}]}<\/script>\n<!-- \/ Yoast SEO plugin. -->","yoast_head_json":{"title":"Firmenbrosch\u00fcre | ICM","description":"Willkommen in unserem Download-Bereich. Sie k\u00f6nnen unsere Unternehmenspr\u00e4sentation herunterladen, indem Sie auf den untenstehenden Link klicken.","robots":{"index":"noindex","follow":"follow"},"og_locale":"de_DE","og_type":"article","og_title":"Firmenbrosch\u00fcre | ICM","og_description":"Willkommen in unserem Download-Bereich. Sie k\u00f6nnen unsere Unternehmenspr\u00e4sentation herunterladen, indem Sie auf den untenstehenden Link klicken.","og_url":"https:\/\/www.icm-automation.com\/documentation\/","og_site_name":"ICM","article_modified_time":"2020-09-21T11:15:50+00:00","og_image":[{"url":"http:\/\/www.icm-automation.com\/wp-content\/uploads\/2013\/06\/systemes-distribution1.png","type":"","width":"","height":""}],"twitter_card":"summary_large_image","twitter_misc":{"Gesch\u00e4tzte Lesezeit":"2\u00a0Minuten"},"schema":{"@context":"https:\/\/schema.org","@graph":[{"@type":"WebPage","@id":"https:\/\/www.icm-automation.com\/documentation\/","url":"https:\/\/www.icm-automation.com\/documentation\/","name":"Firmenbrosch\u00fcre | ICM","isPartOf":{"@id":"https:\/\/www.icm-automation.com\/#website"},"primaryImageOfPage":{"@id":"https:\/\/www.icm-automation.com\/documentation\/#primaryimage"},"image":{"@id":"https:\/\/www.icm-automation.com\/documentation\/#primaryimage"},"thumbnailUrl":"http:\/\/www.icm-automation.com\/wp-content\/uploads\/2013\/06\/systemes-distribution1.png","datePublished":"2017-03-23T14:15:01+00:00","dateModified":"2020-09-21T11:15:50+00:00","description":"Willkommen in unserem Download-Bereich. Sie k\u00f6nnen unsere Unternehmenspr\u00e4sentation herunterladen, indem Sie auf den untenstehenden Link klicken.","breadcrumb":{"@id":"https:\/\/www.icm-automation.com\/documentation\/#breadcrumb"},"inLanguage":"de","potentialAction":[{"@type":"ReadAction","target":["https:\/\/www.icm-automation.com\/documentation\/"]}]},{"@type":"ImageObject","inLanguage":"de","@id":"https:\/\/www.icm-automation.com\/documentation\/#primaryimage","url":"http:\/\/www.icm-automation.com\/wp-content\/uploads\/2013\/06\/systemes-distribution1.png","contentUrl":"http:\/\/www.icm-automation.com\/wp-content\/uploads\/2013\/06\/systemes-distribution1.png"},{"@type":"BreadcrumbList","@id":"https:\/\/www.icm-automation.com\/documentation\/#breadcrumb","itemListElement":[{"@type":"ListItem","position":1,"name":"AccueilHomeHome","item":"https:\/\/www.icm-automation.com\/de\/"},{"@type":"ListItem","position":2,"name":"Firmenbrosch\u00fcre"}]},{"@type":"WebSite","@id":"https:\/\/www.icm-automation.com\/#website","url":"https:\/\/www.icm-automation.com\/","name":"ICM","description":"","potentialAction":[{"@type":"SearchAction","target":{"@type":"EntryPoint","urlTemplate":"https:\/\/www.icm-automation.com\/?s={search_term_string}"},"query-input":{"@type":"PropertyValueSpecification","valueRequired":true,"valueName":"search_term_string"}}],"inLanguage":"de"}]}},"_links":{"self":[{"href":"https:\/\/www.icm-automation.com\/de\/wp-json\/wp\/v2\/pages\/7802","targetHints":{"allow":["GET"]}}],"collection":[{"href":"https:\/\/www.icm-automation.com\/de\/wp-json\/wp\/v2\/pages"}],"about":[{"href":"https:\/\/www.icm-automation.com\/de\/wp-json\/wp\/v2\/types\/page"}],"author":[{"embeddable":true,"href":"https:\/\/www.icm-automation.com\/de\/wp-json\/wp\/v2\/users\/2"}],"replies":[{"embeddable":true,"href":"https:\/\/www.icm-automation.com\/de\/wp-json\/wp\/v2\/comments?post=7802"}],"version-history":[{"count":14,"href":"https:\/\/www.icm-automation.com\/de\/wp-json\/wp\/v2\/pages\/7802\/revisions"}],"predecessor-version":[{"id":9380,"href":"https:\/\/www.icm-automation.com\/de\/wp-json\/wp\/v2\/pages\/7802\/revisions\/9380"}],"wp:attachment":[{"href":"https:\/\/www.icm-automation.com\/de\/wp-json\/wp\/v2\/media?parent=7802"}],"curies":[{"name":"wp","href":"https:\/\/api.w.org\/{rel}","templated":true}]}}