{"id":7702,"date":"2017-03-06T11:11:20","date_gmt":"2017-03-06T10:11:20","guid":{"rendered":"http:\/\/icm-automation.com\/automatismes-industriels-2\/"},"modified":"2020-10-13T16:30:50","modified_gmt":"2020-10-13T14:30:50","slug":"industrielle-automatisierung","status":"publish","type":"page","link":"https:\/\/www.icm-automation.com\/de\/industrielle-automatisierung\/","title":{"rendered":"Automatisierung"},"content":{"rendered":"<section class=\"l-section wpb_row height_small color_primary with_img\"><div class=\"l-section-img\" style=\"background-image: url(https:\/\/www.icm-automation.com\/wp-content\/uploads\/2017\/03\/automatismes-industriels4.jpg);background-repeat: no-repeat;\" data-img-width=\"3000\" data-img-height=\"715\"><\/div><div class=\"l-section-h i-cf\"><div class=\"g-cols vc_row type_default valign_bottom\"><div class=\"vc_col-sm-12 wpb_column vc_column_container\"><div class=\"vc_column-inner\"><div class=\"wpb_wrapper\"><div class=\"w-separator size_custom\" style=\"height:200px\"><\/div><\/div><\/div><\/div><\/div><\/div><\/section><section class=\"l-section wpb_row height_medium\"><div class=\"l-section-h i-cf\"><div class=\"g-cols vc_row type_default valign_top\"><div class=\"vc_col-sm-3 vc_hidden-xs wpb_column vc_column_container has-fill\"><div class=\"vc_column-inner us_custom_e47d7875\"><div class=\"wpb_wrapper\"><div class=\"g-cols wpb_row  type_default valign_top vc_inner\"><div class=\"vc_col-sm-12 wpb_column vc_column_container has-fill\"><div class=\"vc_column-inner us_custom_e47d7875\"><div class=\"wpb_wrapper\">[vc_wp_custommenu nav_menu=&#8220;45&#8243;]<\/div><\/div><\/div><\/div><div class=\"w-separator us_custom_e47d7875 size_custom\" style=\"height:20px\"><\/div><div class=\"w-separator us_custom_6df4bc3a size_small has_text_color with_line width_default thick_1 style_solid color_border align_center\"><div class=\"w-separator-h\"><\/div><\/div><div class=\"w-separator us_custom_e47d7875 size_custom\" style=\"height:20px\"><\/div><div class=\"g-cols wpb_row  us_custom_3254e51c type_default valign_top vc_inner\"><div class=\"vc_col-sm-12 wpb_column vc_column_container\"><div class=\"vc_column-inner\"><div class=\"wpb_wrapper\"><div class=\"wpb_text_column\" ><div class=\"wpb_wrapper\"><p><span class=\"ima-titre-colonne2\">Firmenbrosch\u00fcre<\/span><\/p>\n<\/div><\/div><div class=\"wpb_text_column\" ><div class=\"wpb_wrapper\"><p><img loading=\"lazy\" decoding=\"async\" class=\"aligncenter wp-image-5683\" src=\"https:\/\/www.icm-automation.com\/wp-content\/uploads\/2017\/07\/icm-konstruktion-sondermaschinen.png\" alt=\"Konzeption und Herstellung von Sondermaschinen\" width=\"100\" height=\"94\" \/><div id=\"quform-fe85d4\" class=\"quform quform-9 quform-support-page-caching quform-no-ajax\"><form id=\"quform-form-fe85d4\" class=\"quform-form quform-form-9\" action=\"\/de\/wp-json\/wp\/v2\/pages\/7702#quform-fe85d4\" method=\"post\" enctype=\"multipart\/form-data\" novalidate=\"novalidate\" data-options=\"{&quot;id&quot;:9,&quot;uniqueId&quot;:&quot;fe85d4&quot;,&quot;theme&quot;:&quot;&quot;,&quot;ajax&quot;:false,&quot;logic&quot;:{&quot;logic&quot;:[],&quot;dependents&quot;:[],&quot;elementIds&quot;:[],&quot;dependentElementIds&quot;:[],&quot;animate&quot;:true},&quot;currentPageId&quot;:5,&quot;errorsIcon&quot;:&quot;&quot;,&quot;updateFancybox&quot;:true,&quot;hasPages&quot;:false,&quot;pages&quot;:[5],&quot;pageProgressType&quot;:&quot;numbers&quot;,&quot;tooltipsEnabled&quot;:true,&quot;tooltipClasses&quot;:&quot;qtip-plain qtip-shadow&quot;,&quot;tooltipMy&quot;:&quot;left center&quot;,&quot;tooltipAt&quot;:&quot;right center&quot;,&quot;isRtl&quot;:false,&quot;scrollOffset&quot;:-50,&quot;scrollSpeed&quot;:800}\"><button class=\"quform-default-submit\" name=\"quform_submit\" type=\"submit\" value=\"submit\"><\/button><div class=\"quform-form-inner quform-form-inner-9\"><input type=\"hidden\" name=\"quform_form_id\" value=\"9\" \/><input type=\"hidden\" name=\"quform_form_uid\" value=\"fe85d4\" \/><input type=\"hidden\" name=\"quform_count\" value=\"1\" \/><input type=\"hidden\" name=\"form_url\" value=\"https:\/\/www.icm-automation.com\/de\/wp-json\/wp\/v2\/pages\/7702\" \/><input type=\"hidden\" name=\"referring_url\" value=\"\" \/><input type=\"hidden\" name=\"post_id\" value=\"\" \/><input type=\"hidden\" name=\"post_title\" value=\"\" \/><input type=\"hidden\" name=\"quform_current_page_id\" value=\"5\" \/><input type=\"hidden\" name=\"quform_csrf_token\" value=\"cmvZqUl8VNJueyOSCc10Ygp7PdePbAfa9DYUHYNs\" \/><div class=\"quform-elements quform-elements-9 quform-cf\"><div class=\"quform-element quform-element-page quform-page-5 quform-page-9_5 quform-cf quform-group-style-plain quform-first-page quform-last-page quform-current-page\"><div class=\"quform-child-elements\"><div class=\"quform-element quform-element-group quform-element-9_3 quform-cf quform-group-style-plain\"><div class=\"quform-spacer\"><div class=\"quform-child-elements\"><div class=\"quform-element quform-element-row quform-element-row-9_6 quform-1-columns quform-element-row-size-fixed\"><div class=\"quform-element quform-element-column quform-element-9_7\"><\/div><\/div><\/div><\/div><\/div><div class=\"quform-element quform-element-submit quform-element-9_8 quform-cf quform-button-style-theme\"><div class=\"quform-button-submit quform-button-submit-default quform-button-submit-9_8\"><button name=\"quform_submit\" type=\"submit\" class=\"quform-submit\" value=\"submit\"><span class=\"quform-button-text quform-button-submit-text\">DOWNLOAD<\/span><\/button><\/div><div class=\"quform-loading quform-loading-position-left quform-loading-type-spinner-1\"><div class=\"quform-loading-inner\"><div class=\"quform-loading-spinner\"><div class=\"quform-loading-spinner-inner\"><\/div><\/div><\/div><\/div><\/div><div class=\"quform-element-tree\"><label for=\"quform_9_0_fe85d4\">This field should be left blank<\/label><input type=\"text\" id=\"quform_9_0_fe85d4\" name=\"quform_9_0\" class=\"quform-field quform-field-tree quform-field-9_0\" tabindex=\"-1\" autocomplete=\"off\" \/><\/div><\/div><\/div><\/div><\/div><\/form><\/div>\n<\/div><\/div><\/div><\/div><\/div><\/div><div class=\"w-separator us_custom_e47d7875 size_custom\" style=\"height:20px\"><\/div><\/div><\/div><\/div><div class=\"vc_col-sm-9 wpb_column vc_column_container\"><div class=\"vc_column-inner us_custom_a874c9af\"><div class=\"wpb_wrapper\"><div class=\"g-cols wpb_row  us_custom_fc8bfd4d type_default valign_top vc_inner\"><div class=\"vc_col-sm-12 wpb_column vc_column_container\"><div class=\"vc_column-inner\"><div class=\"wpb_wrapper\"><div class=\"wpb_text_column us_custom_8d45c27c\" ><div class=\"wpb_wrapper\"><p style=\"text-align: right;\"><div class=\"breadcrumb\" itemprop=\"breadcrumb\"><span><span><a href=\"https:\/\/www.icm-automation.com\/de\/\"><span class=\"yoastHomeFR\">Accueil<\/span><span class=\"yoastHomeGB\">Home<\/span><span class=\"yoastHomeDE\">Home<\/span><\/a><\/span><\/span><\/div>\n<\/div><\/div><\/div><\/div><\/div><\/div><div class=\"wpb_text_column us_custom_a92bf69e\" ><div class=\"wpb_wrapper\"><h1 class=\"ima-h1\">Automatisierung<\/h1>\n<\/div><\/div><div class=\"wpb_text_column us_custom_4edece6e\" ><div class=\"wpb_wrapper\"><p>ICM&#8217;s Ingenieure und Techniker verf\u00fcgen nicht nur \u00fcber eine jahrelange Erfahrung, sondern auch \u00fcber ein solides Know-how, welches durch regelm\u00e4\u00dfige Schulungen in den neusten Technologien bereichert wird.<\/p>\n<\/div><\/div><div class=\"g-cols wpb_row  type_default valign_top vc_inner\"><div class=\"vc_col-sm-12 wpb_column vc_column_container\"><div class=\"vc_column-inner\"><div class=\"wpb_wrapper\"><div class=\"wpb_text_column\" ><div class=\"wpb_wrapper\"><h2 class=\"ima-h2\" style=\"text-align: left;\">Integration aller Automatisierungshersteller<\/h2>\n<\/div><\/div><\/div><\/div><\/div><\/div><div class=\"g-cols wpb_row  us_custom_3188818e type_default valign_top vc_inner\"><div class=\"vc_col-sm-9 wpb_column vc_column_container\"><div class=\"vc_column-inner\"><div class=\"wpb_wrapper\"><div class=\"wpb_text_column\" ><div class=\"wpb_wrapper\"><div style=\"text-align: justify;\">\n<p>Um die Optimierung Ihrer Produktivit\u00e4t zu gew\u00e4hrleisten, <strong>arbeiten wir mit den f\u00fchrenden Herstellern von programmierbaren Steuerungen zusammen.<\/strong> Je nach Ihrem Bedarf, dem Ihrer Wartungsabteilung oder Ihrer Betreiber, kann unser Planungsb\u00fcro jede Art von Controller in unseren Sondermaschinen integrieren. Wir arbeiten v.a. mit den Marken Siemens, Schneider, Allen Bradley oder Omron, aber unsere Automatisierungsingenieure haben das Know-How, die SPS und \u00dcberwachung Ihrer Wahl zu programmieren.<\/p>\n<\/div>\n<\/div><\/div><\/div><\/div><\/div><div class=\"vc_col-sm-3 wpb_column vc_column_container\"><div class=\"vc_column-inner\"><div class=\"wpb_wrapper\"><div class=\"w-image align_none meta_simple\"><a href=\"https:\/\/www.icm-automation.com\/wp-content\/uploads\/2017\/03\/industrielle-automatisierung-fernwartungsmodul.jpg\" ref=\"magnificPopup\" aria-label=\"Industrielle Automatisierung mit Integration eines Ferwartungsmoduls\" class=\"w-image-h\"><img loading=\"lazy\" decoding=\"async\" width=\"600\" height=\"800\" src=\"https:\/\/www.icm-automation.com\/wp-content\/uploads\/2017\/03\/industrielle-automatisierung-fernwartungsmodul-600x800.jpg\" class=\"attachment-us_img_size_1 size-us_img_size_1\" alt=\"Industrielle Automatisierung mit Integration eines Ferwartungsmoduls\" srcset=\"https:\/\/www.icm-automation.com\/wp-content\/uploads\/2017\/03\/industrielle-automatisierung-fernwartungsmodul-600x800.jpg 600w, https:\/\/www.icm-automation.com\/wp-content\/uploads\/2017\/03\/industrielle-automatisierung-fernwartungsmodul-225x300.jpg 225w, https:\/\/www.icm-automation.com\/wp-content\/uploads\/2017\/03\/industrielle-automatisierung-fernwartungsmodul-768x1024.jpg 768w, https:\/\/www.icm-automation.com\/wp-content\/uploads\/2017\/03\/industrielle-automatisierung-fernwartungsmodul.jpg 1500w\" sizes=\"auto, (max-width: 600px) 100vw, 600px\" \/><\/a><div class=\"w-image-meta\"><div class=\"w-image-title\">Industrielle Automatisierung mit Integration eines Ferwartungsmoduls<\/div><\/div><\/div><\/div><\/div><\/div><\/div><div class=\"w-separator size_custom\" style=\"height:30px\"><\/div><div class=\"g-cols wpb_row  type_default valign_top vc_inner\"><div class=\"vc_col-sm-12 wpb_column vc_column_container\"><div class=\"vc_column-inner\"><div class=\"wpb_wrapper\"><div class=\"wpb_text_column\" ><div class=\"wpb_wrapper\"><h2 class=\"ima-h2\" style=\"text-align: left;\">Integration eines Fernwartungsmoduls<\/h2>\n<\/div><\/div><\/div><\/div><\/div><\/div><div class=\"g-cols wpb_row  us_custom_3188818e type_default valign_top vc_inner\"><div class=\"vc_col-sm-9 wpb_column vc_column_container\"><div class=\"vc_column-inner\"><div class=\"wpb_wrapper\"><div class=\"wpb_text_column\" ><div class=\"wpb_wrapper\"><div style=\"text-align: justify;\">\n<p>Optional bietet Ihnen ICM die Integration eines <strong>Fernwartungs-Moduls an, um auf unsere Maschinen, Kameras und SPS von jedem Ort aus, weltweit, zuzugreifen.<\/strong> Auf diese Weise k\u00f6nnen wir, falls notwendig, Betriebsparameter \u00e4ndern und anpassen und ihre Wartungsabteilung in sehr reaktiver Weise unterst\u00fctzen.<\/p>\n<\/div>\n<\/div><\/div><\/div><\/div><\/div><div class=\"vc_col-sm-3 wpb_column vc_column_container\"><div class=\"vc_column-inner\"><div class=\"wpb_wrapper\"><div class=\"w-image align_none meta_simple\"><a href=\"https:\/\/www.icm-automation.com\/wp-content\/uploads\/2017\/07\/industrielle-automatisierung-siemens-omron-schneider-allen-bradley.jpg\" ref=\"magnificPopup\" aria-label=\"Industrielle Automatisierung alle Hersteller\" class=\"w-image-h\"><img loading=\"lazy\" decoding=\"async\" width=\"600\" height=\"400\" src=\"https:\/\/www.icm-automation.com\/wp-content\/uploads\/2017\/07\/industrielle-automatisierung-siemens-omron-schneider-allen-bradley-600x400.jpg\" class=\"attachment-us_img_size_1 size-us_img_size_1\" alt=\"Industrielle Automatisierung alle Hersteller\" srcset=\"https:\/\/www.icm-automation.com\/wp-content\/uploads\/2017\/07\/industrielle-automatisierung-siemens-omron-schneider-allen-bradley-600x400.jpg 600w, https:\/\/www.icm-automation.com\/wp-content\/uploads\/2017\/07\/industrielle-automatisierung-siemens-omron-schneider-allen-bradley-300x200.jpg 300w, https:\/\/www.icm-automation.com\/wp-content\/uploads\/2017\/07\/industrielle-automatisierung-siemens-omron-schneider-allen-bradley-768x512.jpg 768w, https:\/\/www.icm-automation.com\/wp-content\/uploads\/2017\/07\/industrielle-automatisierung-siemens-omron-schneider-allen-bradley-1024x683.jpg 1024w, https:\/\/www.icm-automation.com\/wp-content\/uploads\/2017\/07\/industrielle-automatisierung-siemens-omron-schneider-allen-bradley.jpg 1500w\" sizes=\"auto, (max-width: 600px) 100vw, 600px\" \/><\/a><div class=\"w-image-meta\"><div class=\"w-image-title\">Industrielle Automatisierung alle Hersteller<\/div><\/div><\/div><\/div><\/div><\/div><\/div><div class=\"w-separator size_custom\" style=\"height:30px\"><\/div><\/div><\/div><\/div><\/div><\/div><\/section><section class=\"l-section wpb_row height_small color_secondary\"><div class=\"l-section-h i-cf\"><div class=\"g-cols vc_row type_default valign_top\"><div class=\"vc_col-sm-12 wpb_column vc_column_container animate_fade\"><div class=\"vc_column-inner\"><div class=\"wpb_wrapper\"><div class=\"w-actionbox color_secondary controls_right ima-call-to-action\"><div class=\"w-actionbox-text\"><div>M\u00f6chten Sie in eine vollautomatische Montageanlage investieren ?<br \/>\nWir sind f\u00fcr Sie da!<\/div><\/div><div class=\"w-actionbox-controls\"><a class=\"w-btn us-btn-style_1\" href=\"http:\/\/icm-automation.com\/de\/kontakt\/\" style=\"font-size:18px;\"><span class=\"w-btn-label\">Kontaktieren Sie uns<\/span><\/a><\/div><\/div><\/div><\/div><\/div><\/div><\/div><\/section>\n","protected":false},"excerpt":{"rendered":"[vc_wp_custommenu nav_menu=\"45\"]Firmenbrosch\u00fcre DOWNLOADThis field should be left blank AccueilHomeHome Automatisierung ICM&#8217;s Ingenieure und Techniker verf\u00fcgen nicht nur \u00fcber eine jahrelange Erfahrung, sondern auch \u00fcber ein solides Know-how, welches durch regelm\u00e4\u00dfige Schulungen in den neusten Technologien bereichert wird. Integration aller Automatisierungshersteller Um die Optimierung Ihrer Produktivit\u00e4t zu gew\u00e4hrleisten, arbeiten wir mit den f\u00fchrenden Herstellern von programmierbaren...","protected":false},"author":2,"featured_media":0,"parent":0,"menu_order":0,"comment_status":"closed","ping_status":"closed","template":"","meta":{"_exactmetrics_skip_tracking":false,"_exactmetrics_sitenote_active":false,"_exactmetrics_sitenote_note":"","_exactmetrics_sitenote_category":0,"footnotes":""},"class_list":["post-7702","page","type-page","status-publish","hentry"],"yoast_head":"<!-- This site is optimized with the Yoast SEO plugin v27.4 - https:\/\/yoast.com\/product\/yoast-seo-wordpress\/ -->\n<title>Industrielle Automatisierung |\u00a0ICM<\/title>\n<meta name=\"description\" content=\"ICM garantiert die Optimisierung der Produktivit\u00e4t Ihrer industriellen Automatisierungsl\u00f6sungen durch die Integration von SPSs und \u00dcberwachung.\" \/>\n<meta name=\"robots\" content=\"index, follow, max-snippet:-1, max-image-preview:large, max-video-preview:-1\" \/>\n<link rel=\"canonical\" href=\"https:\/\/www.icm-automation.com\/de\/industrielle-automatisierung\/\" \/>\n<meta property=\"og:locale\" content=\"de_DE\" \/>\n<meta property=\"og:type\" content=\"article\" \/>\n<meta property=\"og:title\" content=\"Industrielle Automatisierung |\u00a0ICM\" \/>\n<meta property=\"og:description\" content=\"ICM garantiert die Optimisierung der Produktivit\u00e4t Ihrer industriellen Automatisierungsl\u00f6sungen durch die Integration von SPSs und \u00dcberwachung.\" \/>\n<meta property=\"og:url\" content=\"https:\/\/www.icm-automation.com\/de\/industrielle-automatisierung\/\" \/>\n<meta property=\"og:site_name\" content=\"ICM\" \/>\n<meta property=\"article:modified_time\" content=\"2020-10-13T14:30:50+00:00\" \/>\n<meta property=\"og:image\" content=\"https:\/\/www.icm-automation.com\/wp-content\/uploads\/2017\/07\/icm-konstruktion-sondermaschinen.png\" \/>\n<meta name=\"twitter:card\" content=\"summary_large_image\" \/>\n<meta name=\"twitter:label1\" content=\"Gesch\u00e4tzte Lesezeit\" \/>\n\t<meta name=\"twitter:data1\" content=\"4\u00a0Minuten\" \/>\n<script type=\"application\/ld+json\" class=\"yoast-schema-graph\">{\"@context\":\"https:\\\/\\\/schema.org\",\"@graph\":[{\"@type\":\"WebPage\",\"@id\":\"https:\\\/\\\/www.icm-automation.com\\\/de\\\/industrielle-automatisierung\\\/\",\"url\":\"https:\\\/\\\/www.icm-automation.com\\\/de\\\/industrielle-automatisierung\\\/\",\"name\":\"Industrielle Automatisierung |\u00a0ICM\",\"isPartOf\":{\"@id\":\"https:\\\/\\\/www.icm-automation.com\\\/#website\"},\"primaryImageOfPage\":{\"@id\":\"https:\\\/\\\/www.icm-automation.com\\\/de\\\/industrielle-automatisierung\\\/#primaryimage\"},\"image\":{\"@id\":\"https:\\\/\\\/www.icm-automation.com\\\/de\\\/industrielle-automatisierung\\\/#primaryimage\"},\"thumbnailUrl\":\"https:\\\/\\\/www.icm-automation.com\\\/wp-content\\\/uploads\\\/2017\\\/07\\\/icm-konstruktion-sondermaschinen.png\",\"datePublished\":\"2017-03-06T10:11:20+00:00\",\"dateModified\":\"2020-10-13T14:30:50+00:00\",\"description\":\"ICM garantiert die Optimisierung der Produktivit\u00e4t Ihrer industriellen Automatisierungsl\u00f6sungen durch die Integration von SPSs und \u00dcberwachung.\",\"breadcrumb\":{\"@id\":\"https:\\\/\\\/www.icm-automation.com\\\/de\\\/industrielle-automatisierung\\\/#breadcrumb\"},\"inLanguage\":\"de\",\"potentialAction\":[{\"@type\":\"ReadAction\",\"target\":[\"https:\\\/\\\/www.icm-automation.com\\\/de\\\/industrielle-automatisierung\\\/\"]}]},{\"@type\":\"ImageObject\",\"inLanguage\":\"de\",\"@id\":\"https:\\\/\\\/www.icm-automation.com\\\/de\\\/industrielle-automatisierung\\\/#primaryimage\",\"url\":\"https:\\\/\\\/www.icm-automation.com\\\/wp-content\\\/uploads\\\/2017\\\/07\\\/icm-konstruktion-sondermaschinen.png\",\"contentUrl\":\"https:\\\/\\\/www.icm-automation.com\\\/wp-content\\\/uploads\\\/2017\\\/07\\\/icm-konstruktion-sondermaschinen.png\"},{\"@type\":\"BreadcrumbList\",\"@id\":\"https:\\\/\\\/www.icm-automation.com\\\/de\\\/industrielle-automatisierung\\\/#breadcrumb\",\"itemListElement\":[{\"@type\":\"ListItem\",\"position\":1,\"name\":\"AccueilHomeHome\",\"item\":\"https:\\\/\\\/www.icm-automation.com\\\/de\\\/\"},{\"@type\":\"ListItem\",\"position\":2,\"name\":\"Automatisierung\"}]},{\"@type\":\"WebSite\",\"@id\":\"https:\\\/\\\/www.icm-automation.com\\\/#website\",\"url\":\"https:\\\/\\\/www.icm-automation.com\\\/\",\"name\":\"ICM\",\"description\":\"\",\"potentialAction\":[{\"@type\":\"SearchAction\",\"target\":{\"@type\":\"EntryPoint\",\"urlTemplate\":\"https:\\\/\\\/www.icm-automation.com\\\/?s={search_term_string}\"},\"query-input\":{\"@type\":\"PropertyValueSpecification\",\"valueRequired\":true,\"valueName\":\"search_term_string\"}}],\"inLanguage\":\"de\"}]}<\/script>\n<!-- \/ Yoast SEO plugin. -->","yoast_head_json":{"title":"Industrielle Automatisierung |\u00a0ICM","description":"ICM garantiert die Optimisierung der Produktivit\u00e4t Ihrer industriellen Automatisierungsl\u00f6sungen durch die Integration von SPSs und \u00dcberwachung.","robots":{"index":"index","follow":"follow","max-snippet":"max-snippet:-1","max-image-preview":"max-image-preview:large","max-video-preview":"max-video-preview:-1"},"canonical":"https:\/\/www.icm-automation.com\/de\/industrielle-automatisierung\/","og_locale":"de_DE","og_type":"article","og_title":"Industrielle Automatisierung |\u00a0ICM","og_description":"ICM garantiert die Optimisierung der Produktivit\u00e4t Ihrer industriellen Automatisierungsl\u00f6sungen durch die Integration von SPSs und \u00dcberwachung.","og_url":"https:\/\/www.icm-automation.com\/de\/industrielle-automatisierung\/","og_site_name":"ICM","article_modified_time":"2020-10-13T14:30:50+00:00","og_image":[{"url":"https:\/\/www.icm-automation.com\/wp-content\/uploads\/2017\/07\/icm-konstruktion-sondermaschinen.png","type":"","width":"","height":""}],"twitter_card":"summary_large_image","twitter_misc":{"Gesch\u00e4tzte Lesezeit":"4\u00a0Minuten"},"schema":{"@context":"https:\/\/schema.org","@graph":[{"@type":"WebPage","@id":"https:\/\/www.icm-automation.com\/de\/industrielle-automatisierung\/","url":"https:\/\/www.icm-automation.com\/de\/industrielle-automatisierung\/","name":"Industrielle Automatisierung |\u00a0ICM","isPartOf":{"@id":"https:\/\/www.icm-automation.com\/#website"},"primaryImageOfPage":{"@id":"https:\/\/www.icm-automation.com\/de\/industrielle-automatisierung\/#primaryimage"},"image":{"@id":"https:\/\/www.icm-automation.com\/de\/industrielle-automatisierung\/#primaryimage"},"thumbnailUrl":"https:\/\/www.icm-automation.com\/wp-content\/uploads\/2017\/07\/icm-konstruktion-sondermaschinen.png","datePublished":"2017-03-06T10:11:20+00:00","dateModified":"2020-10-13T14:30:50+00:00","description":"ICM garantiert die Optimisierung der Produktivit\u00e4t Ihrer industriellen Automatisierungsl\u00f6sungen durch die Integration von SPSs und \u00dcberwachung.","breadcrumb":{"@id":"https:\/\/www.icm-automation.com\/de\/industrielle-automatisierung\/#breadcrumb"},"inLanguage":"de","potentialAction":[{"@type":"ReadAction","target":["https:\/\/www.icm-automation.com\/de\/industrielle-automatisierung\/"]}]},{"@type":"ImageObject","inLanguage":"de","@id":"https:\/\/www.icm-automation.com\/de\/industrielle-automatisierung\/#primaryimage","url":"https:\/\/www.icm-automation.com\/wp-content\/uploads\/2017\/07\/icm-konstruktion-sondermaschinen.png","contentUrl":"https:\/\/www.icm-automation.com\/wp-content\/uploads\/2017\/07\/icm-konstruktion-sondermaschinen.png"},{"@type":"BreadcrumbList","@id":"https:\/\/www.icm-automation.com\/de\/industrielle-automatisierung\/#breadcrumb","itemListElement":[{"@type":"ListItem","position":1,"name":"AccueilHomeHome","item":"https:\/\/www.icm-automation.com\/de\/"},{"@type":"ListItem","position":2,"name":"Automatisierung"}]},{"@type":"WebSite","@id":"https:\/\/www.icm-automation.com\/#website","url":"https:\/\/www.icm-automation.com\/","name":"ICM","description":"","potentialAction":[{"@type":"SearchAction","target":{"@type":"EntryPoint","urlTemplate":"https:\/\/www.icm-automation.com\/?s={search_term_string}"},"query-input":{"@type":"PropertyValueSpecification","valueRequired":true,"valueName":"search_term_string"}}],"inLanguage":"de"}]}},"_links":{"self":[{"href":"https:\/\/www.icm-automation.com\/de\/wp-json\/wp\/v2\/pages\/7702","targetHints":{"allow":["GET"]}}],"collection":[{"href":"https:\/\/www.icm-automation.com\/de\/wp-json\/wp\/v2\/pages"}],"about":[{"href":"https:\/\/www.icm-automation.com\/de\/wp-json\/wp\/v2\/types\/page"}],"author":[{"embeddable":true,"href":"https:\/\/www.icm-automation.com\/de\/wp-json\/wp\/v2\/users\/2"}],"replies":[{"embeddable":true,"href":"https:\/\/www.icm-automation.com\/de\/wp-json\/wp\/v2\/comments?post=7702"}],"version-history":[{"count":26,"href":"https:\/\/www.icm-automation.com\/de\/wp-json\/wp\/v2\/pages\/7702\/revisions"}],"predecessor-version":[{"id":9455,"href":"https:\/\/www.icm-automation.com\/de\/wp-json\/wp\/v2\/pages\/7702\/revisions\/9455"}],"wp:attachment":[{"href":"https:\/\/www.icm-automation.com\/de\/wp-json\/wp\/v2\/media?parent=7702"}],"curies":[{"name":"wp","href":"https:\/\/api.w.org\/{rel}","templated":true}]}}