{"id":7665,"date":"2013-06-13T07:48:46","date_gmt":"2013-06-13T07:48:46","guid":{"rendered":"http:\/\/icm-automation.com\/icm-automation\/"},"modified":"2022-06-29T12:26:45","modified_gmt":"2022-06-29T10:26:45","slug":"icm-automation","status":"publish","type":"page","link":"https:\/\/www.icm-automation.com\/de\/","title":{"rendered":"ICM Automation"},"content":{"rendered":"<section class=\"l-section wpb_row height_auto color_primary\"><div class=\"l-section-h i-cf\"><div class=\"g-cols vc_row type_default valign_top\"><div class=\"vc_col-sm-12 wpb_column vc_column_container\"><div class=\"vc_column-inner\"><div class=\"wpb_wrapper\">[rev_slider_vc alias=&#8220;de-icm&#8220;]<\/div><\/div><\/div><\/div><\/div><\/section><section class=\"l-section wpb_row height_auto\"><div class=\"l-section-h i-cf\"><div class=\"g-cols vc_row type_default valign_top\"><div class=\"vc_col-sm-8 wpb_column vc_column_container\"><div class=\"vc_column-inner us_custom_0ee4fca8\"><div class=\"wpb_wrapper\"><div class=\"wpb_text_column ima-sous-titre-page\" ><div class=\"wpb_wrapper\"><h1 class=\"ima-sous-titre-page\">Seit mehr als 26 Jahren entwickelt und fertigt\u00a0ICM Sondermaschinen,\u00a0<span style=\"color: #c6d200;\">Montageanlagen<\/span> und <span style=\"color: #c6d200;\">Zuf\u00fchrtechnik<\/span> (Schwing-, Zentrifugalf\u00f6rderer,&#8230;)\u00a0und setzt sein Know-How in den Dienst Ihrer Produktivit\u00e4t.<\/h1>\n<\/div><\/div><div class=\"wpb_text_column us_custom_3188818e\" ><div class=\"wpb_wrapper\"><div style=\"text-align: justify;\">\n<p>Dank des Know-Hows unseres Teams aus hochqualifizierten Ingenieuren und Technikern, ist ICM ein bevorzugter Partner in den unterschiedlichsten Branchen. Ob in der <strong>Pharma- oder Medizintechnik<\/strong>, <strong>Kosmetik<\/strong> und <strong>Parf\u00fcmerieindustrie<\/strong>, unsere Maschinen- und Anlagenkonzepte erm\u00f6glichen die Automatisierung der Produktion verschiedenster Produkte.<\/p>\n<p>Mit einem interdisziplin\u00e4ren Team, Spezialisten in den Bereichen der Mechanik, Elektronik, Hydraulik, Pneumatik und Automatisierung, bieten wir Ihnen aus einer <strong>Hand schl\u00fcsselfertige Montageanlagen, Handling- und Zuf\u00fchrsysteme.<\/strong><\/p>\n<\/div>\n<\/div><\/div><\/div><\/div><\/div><div class=\"vc_col-sm-4 wpb_column vc_column_container has-fill\"><div class=\"vc_column-inner us_custom_b4e5b203\"><div class=\"wpb_wrapper\"><div class=\"w-separator size_custom\" style=\"height:15px\"><\/div><div class=\"w-video align_left ratio_16x9\"><div class=\"w-video-h\"><iframe src=\"\/\/www.youtube.com\/embed\/Gjvp1PSBYpU?autoplay=0&controls=1&origin=https%3A%2F%2Fwww.icm-automation.com\" allowfullscreen=\"1\"><\/iframe><\/div><div class=\"w-video-icon\" style=\"font-size:1.5rem;background:rgba(0,0,0,0.5);color:#fff;\"><\/div><\/div><div class=\"w-separator size_custom\" style=\"height:15px\"><\/div><div class=\"wpb_text_column\" ><div class=\"wpb_wrapper\"><h2 class=\"ima-h2\">Aktuelles von ICM<\/h2>\n<\/div><\/div>[vc_widget_sidebar sidebar_id=&#8220;footer_fourth&#8220;]<div class=\"wpb_text_column us_custom_0490361b\" ><div class=\"wpb_wrapper\"><p><a href=\"https:\/\/www.icm-automation.com\/actualites\/\"><em>Mehr News<\/em><\/a><\/p>\n<\/div><\/div><\/div><\/div><\/div><\/div><\/div><\/section><section class=\"l-section wpb_row height_medium\"><div class=\"l-section-h i-cf\"><div class=\"g-cols vc_row type_default valign_top\"><div class=\"vc_col-sm-4 wpb_column vc_column_container\"><div class=\"vc_column-inner\"><div class=\"wpb_wrapper\"><div class=\"wpb_text_column us_custom_42e53617 h2-titre-fin\" ><div class=\"wpb_wrapper\"><h2 class=\"ima-h2-hp\">Experten in der Realisierung von Montage- und Zuf\u00fchranlagen<\/h2>\n<\/div><\/div><div class=\"wpb_text_column\" ><div class=\"wpb_wrapper\"><div style=\"text-align: justify;\">\n<p>Unser Angebotsspektrum geht vom Handarbeitsplatz, \u00fcber halbautomatische Zellen zum <a href=\"https:\/\/www.icm-automation.com\/de\/sondermaschinen\/\">Rundtakt- oder kontinuierlichen Rundlaufmontageautomaten<\/a> mit einer Ausbringleistung von bis zu 400 Teilen \/ Minute.<\/p>\n<\/div>\n<\/div><\/div><\/div><\/div><\/div><div class=\"vc_col-sm-4 wpb_column vc_column_container\"><div class=\"vc_column-inner\"><div class=\"wpb_wrapper\"><div class=\"wpb_text_column us_custom_42e53617 h2-titre-fin\" ><div class=\"wpb_wrapper\"><h2 class=\"ima-h2-hp\">Perfekt integrierte industrielle Bildverarbeitungssysteme<\/h2>\n<\/div><\/div><div class=\"wpb_text_column\" ><div class=\"wpb_wrapper\"><div style=\"text-align: justify;\">\n<p>Dank des internen ICM Visionlabors, konzipieren wir <a href=\"https:\/\/www.icm-automation.com\/de\/industrielle-bildverarbeitung\/\">industrielle Bildverarbeitungssysteme<\/a>, die perfekt auf Ihre Bed\u00fcrfnisse abgestimmt sind, wobei gleichzeitig deren Robustheit gew\u00e4hrleistet wird.<\/p>\n<\/div>\n<\/div><\/div><\/div><\/div><\/div><div class=\"vc_col-sm-4 wpb_column vc_column_container\"><div class=\"vc_column-inner\"><div class=\"wpb_wrapper\"><div class=\"wpb_text_column us_custom_42e53617 h2-titre-fin\" ><div class=\"wpb_wrapper\"><h2 class=\"ima-h2-hp\">Turnkey-L\u00f6sungen f\u00fcr die Konsumg\u00fcter- und Automobilindustrie<\/h2>\n<\/div><\/div><div class=\"wpb_text_column\" ><div class=\"wpb_wrapper\"><div style=\"text-align: justify;\">Wir beherrschen <a href=\"https:\/\/www.icm-automation.com\/conception-machines-assemblage\/\">den gesamten Fertigungsprozess<\/a>, von der Planung bis zur Produktion der fertigen Maschine, von der Installation in Ihrem Werk bis zur Schulung Ihrer Mitarbeiter. Zusammen mit unseren Kunden streben wir eine langj\u00e4hrige Partnerschaft an, damit aus Beratung und Kompetenz gemeinsamer Erfolg wird.<\/div>\n<\/div><\/div><\/div><\/div><\/div><\/div><\/div><\/section><section class=\"l-section wpb_row us_custom_f37aca33 height_auto\"><div class=\"l-section-h i-cf\"><div class=\"g-cols vc_row type_default valign_top\"><div class=\"vc_col-sm-2 wpb_column vc_column_container\"><div class=\"vc_column-inner\"><div class=\"wpb_wrapper\"><div class=\"wpb_text_column\" ><div class=\"wpb_wrapper\"><p><a href=\"https:\/\/www.icm-automation.com\/de\/sondermaschinen\/\"><img loading=\"lazy\" decoding=\"async\" class=\"aligncenter wp-image-5534\" title=\"Sondermaschinen\" src=\"http:\/\/www.icm-automation.com\/wp-content\/uploads\/2018\/11\/machines-speciales-assemblage2-1.png\" alt=\"Sondermaschinen\" width=\"100\" height=\"100\" \/><\/a><\/p>\n<\/div><\/div><\/div><\/div><\/div><div class=\"vc_col-sm-2 wpb_column vc_column_container\"><div class=\"vc_column-inner\"><div class=\"wpb_wrapper\"><div class=\"wpb_text_column\" ><div class=\"wpb_wrapper\"><p><a href=\"https:\/\/www.icm-automation.com\/de\/zufuehrtechnik\/\"><img loading=\"lazy\" decoding=\"async\" class=\"aligncenter wp-image-5503\" title=\"Zuf\u00fchrtechnik\" src=\"https:\/\/www.icm-automation.com\/wp-content\/uploads\/2017\/07\/zufuehrtechnik.png\" alt=\"Zuf\u00fchrtechnik\" width=\"104\" height=\"100\" \/><\/a><\/p>\n<\/div><\/div><\/div><\/div><\/div><div class=\"vc_col-sm-2 wpb_column vc_column_container\"><div class=\"vc_column-inner\"><div class=\"wpb_wrapper\"><div class=\"wpb_text_column\" ><div class=\"wpb_wrapper\"><p><a href=\"https:\/\/www.icm-automation.com\/de\/industrielle-bildverarbeitung\/\"><img loading=\"lazy\" decoding=\"async\" class=\"aligncenter wp-image-8010\" title=\"Industrielle Bildverarbeitung\" src=\"http:\/\/www.icm-automation.com\/wp-content\/uploads\/2017\/07\/industrielle-bildverarbeitung-150x150.png\" alt=\"Industrielle Bildverarbeitung\" width=\"100\" height=\"100\" srcset=\"https:\/\/www.icm-automation.com\/wp-content\/uploads\/2017\/07\/industrielle-bildverarbeitung-150x150.png 150w, https:\/\/www.icm-automation.com\/wp-content\/uploads\/2017\/07\/industrielle-bildverarbeitung-300x300.png 300w, https:\/\/www.icm-automation.com\/wp-content\/uploads\/2017\/07\/industrielle-bildverarbeitung-600x598.png 600w, https:\/\/www.icm-automation.com\/wp-content\/uploads\/2017\/07\/industrielle-bildverarbeitung-350x350.png 350w, https:\/\/www.icm-automation.com\/wp-content\/uploads\/2017\/07\/industrielle-bildverarbeitung.png 714w\" sizes=\"auto, (max-width: 100px) 100vw, 100px\" \/><\/a><\/p>\n<\/div><\/div><\/div><\/div><\/div><div class=\"vc_col-sm-2 wpb_column vc_column_container\"><div class=\"vc_column-inner\"><div class=\"wpb_wrapper\"><div class=\"wpb_text_column\" ><div class=\"wpb_wrapper\"><p><a href=\"https:\/\/www.icm-automation.com\/de\/industrielle-robotik\/\"><img loading=\"lazy\" decoding=\"async\" class=\"aligncenter wp-image-5747\" title=\"Industrielle Robotik\" src=\"https:\/\/www.icm-automation.com\/wp-content\/uploads\/2017\/07\/integration-roboter.png\" alt=\"Industrielle Robotik\" width=\"100\" height=\"100\" \/><\/a><\/p>\n<\/div><\/div><\/div><\/div><\/div><div class=\"vc_col-sm-2 wpb_column vc_column_container\"><div class=\"vc_column-inner\"><div class=\"wpb_wrapper\"><div class=\"wpb_text_column\" ><div class=\"wpb_wrapper\"><p><a href=\"https:\/\/www.icm-automation.com\/de\/industrielle-automatisierung\/\"><img loading=\"lazy\" decoding=\"async\" class=\"aligncenter wp-image-5819\" title=\"Automatisierung\" src=\"https:\/\/www.icm-automation.com\/wp-content\/uploads\/2017\/07\/automatisierung.png\" alt=\"Automatisierung\" width=\"100\" height=\"100\" \/><\/a><\/p>\n<\/div><\/div><\/div><\/div><\/div><div class=\"vc_col-sm-2 wpb_column vc_column_container\"><div class=\"vc_column-inner\"><div class=\"wpb_wrapper\"><div class=\"wpb_text_column\" ><div class=\"wpb_wrapper\"><p><a href=\"https:\/\/www.icm-automation.com\/de\/spezifische-arbeitsstationen\/\"><img loading=\"lazy\" decoding=\"async\" class=\"aligncenter wp-image-5821\" title=\"Spezifische Arbeitsstationen\" src=\"https:\/\/www.icm-automation.com\/wp-content\/uploads\/2017\/07\/spezifische-arbeitsstationen.png\" alt=\"Spezifische Arbeitsstationen\" width=\"100\" height=\"100\" \/><\/a><\/p>\n<\/div><\/div><\/div><\/div><\/div><\/div><\/div><\/section>\n","protected":false},"excerpt":{"rendered":"[rev_slider_vc alias=\"de-icm\"]Seit mehr als 26 Jahren entwickelt und fertigt\u00a0ICM Sondermaschinen,\u00a0Montageanlagen und Zuf\u00fchrtechnik (Schwing-, Zentrifugalf\u00f6rderer,&#8230;)\u00a0und setzt sein Know-How in den Dienst Ihrer Produktivit\u00e4t. Dank des Know-Hows unseres Teams aus hochqualifizierten Ingenieuren und Technikern, ist ICM ein bevorzugter Partner in den unterschiedlichsten Branchen. Ob in der Pharma- oder Medizintechnik, Kosmetik und Parf\u00fcmerieindustrie, unsere Maschinen- und Anlagenkonzepte erm\u00f6glichen...","protected":false},"author":1,"featured_media":0,"parent":0,"menu_order":0,"comment_status":"closed","ping_status":"closed","template":"","meta":{"_exactmetrics_skip_tracking":false,"_exactmetrics_sitenote_active":false,"_exactmetrics_sitenote_note":"","_exactmetrics_sitenote_category":0,"footnotes":""},"class_list":["post-7665","page","type-page","status-publish","hentry"],"yoast_head":"<!-- This site is optimized with the Yoast SEO plugin v27.4 - https:\/\/yoast.com\/product\/yoast-seo-wordpress\/ -->\n<title>Konstruktion und Fertigung von Sondermaschinen und Zuf\u00fchrtechnik | ICM<\/title>\n<meta name=\"description\" content=\"ICM: Konstruktion und Fertigung von Sondermaschinen und Zuf\u00fchrtechnik f\u00fcr die Kosmetik-, Pharmaindustrie und Medizintechnik (und Automobilbranche).\" \/>\n<meta name=\"robots\" content=\"index, follow, max-snippet:-1, max-image-preview:large, max-video-preview:-1\" \/>\n<link rel=\"canonical\" href=\"https:\/\/www.icm-automation.com\/de\/\" \/>\n<meta property=\"og:locale\" content=\"de_DE\" \/>\n<meta property=\"og:type\" content=\"article\" \/>\n<meta property=\"og:title\" content=\"Konstruktion und Fertigung von Sondermaschinen und Zuf\u00fchrtechnik | ICM\" \/>\n<meta property=\"og:description\" content=\"ICM: Konstruktion und Fertigung von Sondermaschinen und Zuf\u00fchrtechnik f\u00fcr die Kosmetik-, Pharmaindustrie und Medizintechnik (und Automobilbranche).\" \/>\n<meta property=\"og:url\" content=\"https:\/\/www.icm-automation.com\/de\/\" \/>\n<meta property=\"og:site_name\" content=\"ICM\" \/>\n<meta property=\"article:modified_time\" content=\"2022-06-29T10:26:45+00:00\" \/>\n<meta property=\"og:image\" content=\"http:\/\/www.icm-automation.com\/wp-content\/uploads\/2018\/11\/machines-speciales-assemblage2-1.png\" \/>\n<meta name=\"twitter:card\" content=\"summary_large_image\" \/>\n<meta name=\"twitter:label1\" content=\"Gesch\u00e4tzte Lesezeit\" \/>\n\t<meta name=\"twitter:data1\" content=\"3\u00a0Minuten\" \/>\n<script type=\"application\/ld+json\" class=\"yoast-schema-graph\">{\"@context\":\"https:\\\/\\\/schema.org\",\"@graph\":[{\"@type\":\"WebPage\",\"@id\":\"https:\\\/\\\/www.icm-automation.com\\\/de\\\/\",\"url\":\"https:\\\/\\\/www.icm-automation.com\\\/de\\\/\",\"name\":\"Konstruktion und Fertigung von Sondermaschinen und Zuf\u00fchrtechnik | ICM\",\"isPartOf\":{\"@id\":\"https:\\\/\\\/www.icm-automation.com\\\/#website\"},\"primaryImageOfPage\":{\"@id\":\"https:\\\/\\\/www.icm-automation.com\\\/de\\\/#primaryimage\"},\"image\":{\"@id\":\"https:\\\/\\\/www.icm-automation.com\\\/de\\\/#primaryimage\"},\"thumbnailUrl\":\"http:\\\/\\\/www.icm-automation.com\\\/wp-content\\\/uploads\\\/2018\\\/11\\\/machines-speciales-assemblage2-1.png\",\"datePublished\":\"2013-06-13T07:48:46+00:00\",\"dateModified\":\"2022-06-29T10:26:45+00:00\",\"description\":\"ICM: Konstruktion und Fertigung von Sondermaschinen und Zuf\u00fchrtechnik f\u00fcr die Kosmetik-, Pharmaindustrie und Medizintechnik (und Automobilbranche).\",\"breadcrumb\":{\"@id\":\"https:\\\/\\\/www.icm-automation.com\\\/de\\\/#breadcrumb\"},\"inLanguage\":\"de\",\"potentialAction\":[{\"@type\":\"ReadAction\",\"target\":[\"https:\\\/\\\/www.icm-automation.com\\\/de\\\/\"]}]},{\"@type\":\"ImageObject\",\"inLanguage\":\"de\",\"@id\":\"https:\\\/\\\/www.icm-automation.com\\\/de\\\/#primaryimage\",\"url\":\"http:\\\/\\\/www.icm-automation.com\\\/wp-content\\\/uploads\\\/2018\\\/11\\\/machines-speciales-assemblage2-1.png\",\"contentUrl\":\"http:\\\/\\\/www.icm-automation.com\\\/wp-content\\\/uploads\\\/2018\\\/11\\\/machines-speciales-assemblage2-1.png\"},{\"@type\":\"BreadcrumbList\",\"@id\":\"https:\\\/\\\/www.icm-automation.com\\\/de\\\/#breadcrumb\",\"itemListElement\":[{\"@type\":\"ListItem\",\"position\":1,\"name\":\"AccueilHomeHome\",\"item\":\"https:\\\/\\\/www.icm-automation.com\\\/de\\\/\"},{\"@type\":\"ListItem\",\"position\":2,\"name\":\"ICM Automation\"}]},{\"@type\":\"WebSite\",\"@id\":\"https:\\\/\\\/www.icm-automation.com\\\/#website\",\"url\":\"https:\\\/\\\/www.icm-automation.com\\\/\",\"name\":\"ICM\",\"description\":\"\",\"potentialAction\":[{\"@type\":\"SearchAction\",\"target\":{\"@type\":\"EntryPoint\",\"urlTemplate\":\"https:\\\/\\\/www.icm-automation.com\\\/?s={search_term_string}\"},\"query-input\":{\"@type\":\"PropertyValueSpecification\",\"valueRequired\":true,\"valueName\":\"search_term_string\"}}],\"inLanguage\":\"de\"}]}<\/script>\n<!-- \/ Yoast SEO plugin. -->","yoast_head_json":{"title":"Konstruktion und Fertigung von Sondermaschinen und Zuf\u00fchrtechnik | ICM","description":"ICM: Konstruktion und Fertigung von Sondermaschinen und Zuf\u00fchrtechnik f\u00fcr die Kosmetik-, Pharmaindustrie und Medizintechnik (und Automobilbranche).","robots":{"index":"index","follow":"follow","max-snippet":"max-snippet:-1","max-image-preview":"max-image-preview:large","max-video-preview":"max-video-preview:-1"},"canonical":"https:\/\/www.icm-automation.com\/de\/","og_locale":"de_DE","og_type":"article","og_title":"Konstruktion und Fertigung von Sondermaschinen und Zuf\u00fchrtechnik | ICM","og_description":"ICM: Konstruktion und Fertigung von Sondermaschinen und Zuf\u00fchrtechnik f\u00fcr die Kosmetik-, Pharmaindustrie und Medizintechnik (und Automobilbranche).","og_url":"https:\/\/www.icm-automation.com\/de\/","og_site_name":"ICM","article_modified_time":"2022-06-29T10:26:45+00:00","og_image":[{"url":"http:\/\/www.icm-automation.com\/wp-content\/uploads\/2018\/11\/machines-speciales-assemblage2-1.png","type":"","width":"","height":""}],"twitter_card":"summary_large_image","twitter_misc":{"Gesch\u00e4tzte Lesezeit":"3\u00a0Minuten"},"schema":{"@context":"https:\/\/schema.org","@graph":[{"@type":"WebPage","@id":"https:\/\/www.icm-automation.com\/de\/","url":"https:\/\/www.icm-automation.com\/de\/","name":"Konstruktion und Fertigung von Sondermaschinen und Zuf\u00fchrtechnik | ICM","isPartOf":{"@id":"https:\/\/www.icm-automation.com\/#website"},"primaryImageOfPage":{"@id":"https:\/\/www.icm-automation.com\/de\/#primaryimage"},"image":{"@id":"https:\/\/www.icm-automation.com\/de\/#primaryimage"},"thumbnailUrl":"http:\/\/www.icm-automation.com\/wp-content\/uploads\/2018\/11\/machines-speciales-assemblage2-1.png","datePublished":"2013-06-13T07:48:46+00:00","dateModified":"2022-06-29T10:26:45+00:00","description":"ICM: Konstruktion und Fertigung von Sondermaschinen und Zuf\u00fchrtechnik f\u00fcr die Kosmetik-, Pharmaindustrie und Medizintechnik (und Automobilbranche).","breadcrumb":{"@id":"https:\/\/www.icm-automation.com\/de\/#breadcrumb"},"inLanguage":"de","potentialAction":[{"@type":"ReadAction","target":["https:\/\/www.icm-automation.com\/de\/"]}]},{"@type":"ImageObject","inLanguage":"de","@id":"https:\/\/www.icm-automation.com\/de\/#primaryimage","url":"http:\/\/www.icm-automation.com\/wp-content\/uploads\/2018\/11\/machines-speciales-assemblage2-1.png","contentUrl":"http:\/\/www.icm-automation.com\/wp-content\/uploads\/2018\/11\/machines-speciales-assemblage2-1.png"},{"@type":"BreadcrumbList","@id":"https:\/\/www.icm-automation.com\/de\/#breadcrumb","itemListElement":[{"@type":"ListItem","position":1,"name":"AccueilHomeHome","item":"https:\/\/www.icm-automation.com\/de\/"},{"@type":"ListItem","position":2,"name":"ICM Automation"}]},{"@type":"WebSite","@id":"https:\/\/www.icm-automation.com\/#website","url":"https:\/\/www.icm-automation.com\/","name":"ICM","description":"","potentialAction":[{"@type":"SearchAction","target":{"@type":"EntryPoint","urlTemplate":"https:\/\/www.icm-automation.com\/?s={search_term_string}"},"query-input":{"@type":"PropertyValueSpecification","valueRequired":true,"valueName":"search_term_string"}}],"inLanguage":"de"}]}},"_links":{"self":[{"href":"https:\/\/www.icm-automation.com\/de\/wp-json\/wp\/v2\/pages\/7665","targetHints":{"allow":["GET"]}}],"collection":[{"href":"https:\/\/www.icm-automation.com\/de\/wp-json\/wp\/v2\/pages"}],"about":[{"href":"https:\/\/www.icm-automation.com\/de\/wp-json\/wp\/v2\/types\/page"}],"author":[{"embeddable":true,"href":"https:\/\/www.icm-automation.com\/de\/wp-json\/wp\/v2\/users\/1"}],"replies":[{"embeddable":true,"href":"https:\/\/www.icm-automation.com\/de\/wp-json\/wp\/v2\/comments?post=7665"}],"version-history":[{"count":30,"href":"https:\/\/www.icm-automation.com\/de\/wp-json\/wp\/v2\/pages\/7665\/revisions"}],"predecessor-version":[{"id":9573,"href":"https:\/\/www.icm-automation.com\/de\/wp-json\/wp\/v2\/pages\/7665\/revisions\/9573"}],"wp:attachment":[{"href":"https:\/\/www.icm-automation.com\/de\/wp-json\/wp\/v2\/media?parent=7665"}],"curies":[{"name":"wp","href":"https:\/\/api.w.org\/{rel}","templated":true}]}}