{"id":7622,"date":"2013-09-06T15:19:20","date_gmt":"2013-09-06T15:19:20","guid":{"rendered":"http:\/\/icm-automation.com\/contact\/"},"modified":"2022-03-21T12:06:40","modified_gmt":"2022-03-21T11:06:40","slug":"kontakt","status":"publish","type":"page","link":"https:\/\/www.icm-automation.com\/de\/kontakt\/","title":{"rendered":"Kontakt"},"content":{"rendered":"<section class=\"l-section wpb_row height_small color_primary with_img\"><div class=\"l-section-img\" style=\"background-image: url(https:\/\/www.icm-automation.com\/wp-content\/uploads\/2013\/09\/kontakt-icm.jpg);background-repeat: no-repeat;\" data-img-width=\"3000\" data-img-height=\"1000\"><\/div><div class=\"l-section-h i-cf\"><div class=\"g-cols vc_row type_default valign_bottom\"><div class=\"vc_col-sm-12 wpb_column vc_column_container\"><div class=\"vc_column-inner\"><div class=\"wpb_wrapper\"><div class=\"w-separator size_custom\" style=\"height:200px\"><\/div><\/div><\/div><\/div><\/div><\/div><\/section><section class=\"l-section wpb_row us_custom_24c1f17b height_auto\"><div class=\"l-section-h i-cf\"><div class=\"g-cols vc_row type_default valign_top\"><div class=\"vc_col-sm-8 wpb_column vc_column_container\"><div class=\"vc_column-inner\"><div class=\"wpb_wrapper\"><div class=\"wpb_text_column\" ><div class=\"wpb_wrapper\"><h1>Kontaktieren Sie uns<\/h1>\n<\/div><\/div><div class=\"wpb_text_column\" ><div class=\"wpb_wrapper\"><p style=\"text-align: justify;\">Haben Sie Fragen? Ben\u00f6tigen Sie zus\u00e4tzliche Informationen?<br \/>\nKontaktieren Sie uns, wir werden Ihnen schnellstm\u00f6glich antworten.<\/p>\n<\/div><\/div><div class=\"wpb_text_column\" ><div class=\"wpb_wrapper\"><h2 class=\"ima-h2\">Das ICM-Team ber\u00e4t Sie gerne<\/h2>\n<\/div><\/div><\/div><\/div><\/div><div class=\"vc_col-sm-4 wpb_column vc_column_container\"><div class=\"vc_column-inner\"><div class=\"wpb_wrapper\"><div class=\"wpb_text_column\" ><div class=\"wpb_wrapper\"><p><img loading=\"lazy\" decoding=\"async\" class=\"alignnone wp-image-7623\" src=\"https:\/\/www.icm-automation.com\/wp-content\/uploads\/2017\/01\/icm-logo-1-300x115.png\" width=\"150\" height=\"57\" srcset=\"https:\/\/www.icm-automation.com\/wp-content\/uploads\/2017\/01\/icm-logo-1-300x115.png 300w, https:\/\/www.icm-automation.com\/wp-content\/uploads\/2017\/01\/icm-logo-1.png 522w\" sizes=\"auto, (max-width: 150px) 100vw, 150px\" \/><\/p>\n<p>9, all\u00e9e Romain Rolland<br \/>\n76410 Saint-Aubin-les-Elbeuf<br \/>\nFrance<\/p>\n<\/div><\/div><div class=\"wpb_text_column\" ><div class=\"wpb_wrapper\"><p><strong><a href=\"mailto:contact.icm@actemium.com\"><img loading=\"lazy\" decoding=\"async\" class=\" wp-image-9543 alignnone\" src=\"https:\/\/www.icm-automation.com\/wp-content\/uploads\/2022\/03\/adresse-mail-contact-icm-Actemium-300x38.png\" alt=\"\" width=\"197\" height=\"25\" srcset=\"https:\/\/www.icm-automation.com\/wp-content\/uploads\/2022\/03\/adresse-mail-contact-icm-Actemium-300x38.png 300w, https:\/\/www.icm-automation.com\/wp-content\/uploads\/2022\/03\/adresse-mail-contact-icm-Actemium.png 583w\" sizes=\"auto, (max-width: 197px) 100vw, 197px\" \/><\/a><\/strong><\/p>\n<\/div><\/div><div class=\"g-cols wpb_row  us_custom_50cc7d67 type_default valign_top vc_inner\"><div class=\"vc_col-sm-4 wpb_column vc_column_container\"><div class=\"vc_column-inner\"><div class=\"wpb_wrapper\"><div class=\"wpb_text_column us_custom_4cafdbdf\" ><div class=\"wpb_wrapper\"><p style=\"text-align: left;\"><strong>Telefon<\/strong><\/p>\n<\/div><\/div><\/div><\/div><\/div><div class=\"vc_col-sm-8 wpb_column vc_column_container\"><div class=\"vc_column-inner\"><div class=\"wpb_wrapper\"><div class=\"wpb_text_column\" ><div class=\"wpb_wrapper\"><p><a title=\"ICM Telefon\" href=\"tel:0235819458\">+33 (0)2 35 81 94 58<\/a><\/p>\n<\/div><\/div><\/div><\/div><\/div><\/div><div class=\"wpb_text_column\" ><div class=\"wpb_wrapper\"><p><iframe loading=\"lazy\" style=\"border: 0; height: 300px;\" src=\"https:\/\/www.google.com\/maps\/embed?pb=!1m18!1m12!1m3!1d2601.458875503227!2d1.0368593156902668!3d49.30559297933384!2m3!1f0!2f0!3f0!3m2!1i1024!2i768!4f13.1!3m3!1m2!1s0x47e11f6ed9a0725f%3A0xa71079a991598aae!2sICM+France!5e0!3m2!1sfr!2sfr!4v1486137680141\" width=\"600\" height=\"450\" frameborder=\"0\" allowfullscreen=\"allowfullscreen\"><\/iframe><\/p>\n<\/div><\/div><\/div><\/div><\/div><\/div><\/div><\/section>\n","protected":false},"excerpt":{"rendered":"Kontaktieren Sie uns Haben Sie Fragen? Ben\u00f6tigen Sie zus\u00e4tzliche Informationen? Kontaktieren Sie uns, wir werden Ihnen schnellstm\u00f6glich antworten. Das ICM-Team ber\u00e4t Sie gerne 9, all\u00e9e Romain Rolland 76410 Saint-Aubin-les-Elbeuf France Telefon +33 (0)2 35 81 94 58","protected":false},"author":1,"featured_media":0,"parent":0,"menu_order":0,"comment_status":"closed","ping_status":"closed","template":"","meta":{"_exactmetrics_skip_tracking":false,"_exactmetrics_sitenote_active":false,"_exactmetrics_sitenote_note":"","_exactmetrics_sitenote_category":0,"footnotes":""},"class_list":["post-7622","page","type-page","status-publish","hentry"],"yoast_head":"<!-- This site is optimized with the Yoast SEO plugin v27.5 - https:\/\/yoast.com\/product\/yoast-seo-wordpress\/ -->\n<title>Kontakt | ICM<\/title>\n<meta name=\"description\" content=\"ICM steht Ihnen f\u00fcr jegliche Informationsanfragen gerne zur Verf\u00fcgung. Wir beraten Sie gerne!\" \/>\n<meta name=\"robots\" content=\"noindex, follow\" \/>\n<meta property=\"og:locale\" content=\"de_DE\" \/>\n<meta property=\"og:type\" content=\"article\" \/>\n<meta property=\"og:title\" content=\"Kontakt | ICM\" \/>\n<meta property=\"og:description\" content=\"ICM steht Ihnen f\u00fcr jegliche Informationsanfragen gerne zur Verf\u00fcgung. Wir beraten Sie gerne!\" \/>\n<meta property=\"og:url\" content=\"https:\/\/www.icm-automation.com\/contact\/\" \/>\n<meta property=\"og:site_name\" content=\"ICM\" \/>\n<meta property=\"article:modified_time\" content=\"2022-03-21T11:06:40+00:00\" \/>\n<meta property=\"og:image\" content=\"https:\/\/www.icm-automation.com\/wp-content\/uploads\/2017\/01\/icm-logo-1-300x115.png\" \/>\n<meta name=\"twitter:card\" content=\"summary_large_image\" \/>\n<meta name=\"twitter:label1\" content=\"Gesch\u00e4tzte Lesezeit\" \/>\n\t<meta name=\"twitter:data1\" content=\"1\u00a0Minute\" \/>\n<script type=\"application\/ld+json\" class=\"yoast-schema-graph\">{\"@context\":\"https:\\\/\\\/schema.org\",\"@graph\":[{\"@type\":\"WebPage\",\"@id\":\"https:\\\/\\\/www.icm-automation.com\\\/contact\\\/\",\"url\":\"https:\\\/\\\/www.icm-automation.com\\\/contact\\\/\",\"name\":\"Kontakt | ICM\",\"isPartOf\":{\"@id\":\"https:\\\/\\\/www.icm-automation.com\\\/#website\"},\"primaryImageOfPage\":{\"@id\":\"https:\\\/\\\/www.icm-automation.com\\\/contact\\\/#primaryimage\"},\"image\":{\"@id\":\"https:\\\/\\\/www.icm-automation.com\\\/contact\\\/#primaryimage\"},\"thumbnailUrl\":\"https:\\\/\\\/www.icm-automation.com\\\/wp-content\\\/uploads\\\/2017\\\/01\\\/icm-logo-1-300x115.png\",\"datePublished\":\"2013-09-06T15:19:20+00:00\",\"dateModified\":\"2022-03-21T11:06:40+00:00\",\"description\":\"ICM steht Ihnen f\u00fcr jegliche Informationsanfragen gerne zur Verf\u00fcgung. Wir beraten Sie gerne!\",\"breadcrumb\":{\"@id\":\"https:\\\/\\\/www.icm-automation.com\\\/contact\\\/#breadcrumb\"},\"inLanguage\":\"de\",\"potentialAction\":[{\"@type\":\"ReadAction\",\"target\":[\"https:\\\/\\\/www.icm-automation.com\\\/contact\\\/\"]}]},{\"@type\":\"ImageObject\",\"inLanguage\":\"de\",\"@id\":\"https:\\\/\\\/www.icm-automation.com\\\/contact\\\/#primaryimage\",\"url\":\"https:\\\/\\\/www.icm-automation.com\\\/wp-content\\\/uploads\\\/2017\\\/01\\\/icm-logo-1-300x115.png\",\"contentUrl\":\"https:\\\/\\\/www.icm-automation.com\\\/wp-content\\\/uploads\\\/2017\\\/01\\\/icm-logo-1-300x115.png\"},{\"@type\":\"BreadcrumbList\",\"@id\":\"https:\\\/\\\/www.icm-automation.com\\\/contact\\\/#breadcrumb\",\"itemListElement\":[{\"@type\":\"ListItem\",\"position\":1,\"name\":\"AccueilHomeHome\",\"item\":\"https:\\\/\\\/www.icm-automation.com\\\/de\\\/\"},{\"@type\":\"ListItem\",\"position\":2,\"name\":\"Kontakt\"}]},{\"@type\":\"WebSite\",\"@id\":\"https:\\\/\\\/www.icm-automation.com\\\/#website\",\"url\":\"https:\\\/\\\/www.icm-automation.com\\\/\",\"name\":\"ICM\",\"description\":\"\",\"potentialAction\":[{\"@type\":\"SearchAction\",\"target\":{\"@type\":\"EntryPoint\",\"urlTemplate\":\"https:\\\/\\\/www.icm-automation.com\\\/?s={search_term_string}\"},\"query-input\":{\"@type\":\"PropertyValueSpecification\",\"valueRequired\":true,\"valueName\":\"search_term_string\"}}],\"inLanguage\":\"de\"}]}<\/script>\n<!-- \/ Yoast SEO plugin. -->","yoast_head_json":{"title":"Kontakt | ICM","description":"ICM steht Ihnen f\u00fcr jegliche Informationsanfragen gerne zur Verf\u00fcgung. Wir beraten Sie gerne!","robots":{"index":"noindex","follow":"follow"},"og_locale":"de_DE","og_type":"article","og_title":"Kontakt | ICM","og_description":"ICM steht Ihnen f\u00fcr jegliche Informationsanfragen gerne zur Verf\u00fcgung. Wir beraten Sie gerne!","og_url":"https:\/\/www.icm-automation.com\/contact\/","og_site_name":"ICM","article_modified_time":"2022-03-21T11:06:40+00:00","og_image":[{"url":"https:\/\/www.icm-automation.com\/wp-content\/uploads\/2017\/01\/icm-logo-1-300x115.png","type":"","width":"","height":""}],"twitter_card":"summary_large_image","twitter_misc":{"Gesch\u00e4tzte Lesezeit":"1\u00a0Minute"},"schema":{"@context":"https:\/\/schema.org","@graph":[{"@type":"WebPage","@id":"https:\/\/www.icm-automation.com\/contact\/","url":"https:\/\/www.icm-automation.com\/contact\/","name":"Kontakt | ICM","isPartOf":{"@id":"https:\/\/www.icm-automation.com\/#website"},"primaryImageOfPage":{"@id":"https:\/\/www.icm-automation.com\/contact\/#primaryimage"},"image":{"@id":"https:\/\/www.icm-automation.com\/contact\/#primaryimage"},"thumbnailUrl":"https:\/\/www.icm-automation.com\/wp-content\/uploads\/2017\/01\/icm-logo-1-300x115.png","datePublished":"2013-09-06T15:19:20+00:00","dateModified":"2022-03-21T11:06:40+00:00","description":"ICM steht Ihnen f\u00fcr jegliche Informationsanfragen gerne zur Verf\u00fcgung. Wir beraten Sie gerne!","breadcrumb":{"@id":"https:\/\/www.icm-automation.com\/contact\/#breadcrumb"},"inLanguage":"de","potentialAction":[{"@type":"ReadAction","target":["https:\/\/www.icm-automation.com\/contact\/"]}]},{"@type":"ImageObject","inLanguage":"de","@id":"https:\/\/www.icm-automation.com\/contact\/#primaryimage","url":"https:\/\/www.icm-automation.com\/wp-content\/uploads\/2017\/01\/icm-logo-1-300x115.png","contentUrl":"https:\/\/www.icm-automation.com\/wp-content\/uploads\/2017\/01\/icm-logo-1-300x115.png"},{"@type":"BreadcrumbList","@id":"https:\/\/www.icm-automation.com\/contact\/#breadcrumb","itemListElement":[{"@type":"ListItem","position":1,"name":"AccueilHomeHome","item":"https:\/\/www.icm-automation.com\/de\/"},{"@type":"ListItem","position":2,"name":"Kontakt"}]},{"@type":"WebSite","@id":"https:\/\/www.icm-automation.com\/#website","url":"https:\/\/www.icm-automation.com\/","name":"ICM","description":"","potentialAction":[{"@type":"SearchAction","target":{"@type":"EntryPoint","urlTemplate":"https:\/\/www.icm-automation.com\/?s={search_term_string}"},"query-input":{"@type":"PropertyValueSpecification","valueRequired":true,"valueName":"search_term_string"}}],"inLanguage":"de"}]}},"_links":{"self":[{"href":"https:\/\/www.icm-automation.com\/de\/wp-json\/wp\/v2\/pages\/7622","targetHints":{"allow":["GET"]}}],"collection":[{"href":"https:\/\/www.icm-automation.com\/de\/wp-json\/wp\/v2\/pages"}],"about":[{"href":"https:\/\/www.icm-automation.com\/de\/wp-json\/wp\/v2\/types\/page"}],"author":[{"embeddable":true,"href":"https:\/\/www.icm-automation.com\/de\/wp-json\/wp\/v2\/users\/1"}],"replies":[{"embeddable":true,"href":"https:\/\/www.icm-automation.com\/de\/wp-json\/wp\/v2\/comments?post=7622"}],"version-history":[{"count":19,"href":"https:\/\/www.icm-automation.com\/de\/wp-json\/wp\/v2\/pages\/7622\/revisions"}],"predecessor-version":[{"id":9550,"href":"https:\/\/www.icm-automation.com\/de\/wp-json\/wp\/v2\/pages\/7622\/revisions\/9550"}],"wp:attachment":[{"href":"https:\/\/www.icm-automation.com\/de\/wp-json\/wp\/v2\/media?parent=7622"}],"curies":[{"name":"wp","href":"https:\/\/api.w.org\/{rel}","templated":true}]}}